{"id":267,"date":"2024-12-12T13:25:26","date_gmt":"2024-12-12T13:25:26","guid":{"rendered":"https:\/\/www.colegiodeabogadosdelimaeste.pe\/web\/?page_id=267"},"modified":"2024-12-12T13:25:26","modified_gmt":"2024-12-12T13:25:26","slug":"institucional","status":"publish","type":"page","link":"https:\/\/www.colegiodeabogadosdelimaeste.pe\/web\/institucional\/","title":{"rendered":"Institucional"},"content":{"rendered":"\n\n<p><strong>\u00a1Bienvenidos al Colegio de Abogados de Lima Este!<\/strong><\/p>\n<p>Es un honor recibirlos en nuestro espacio digital. Como instituci\u00f3n comprometida con el fortalecimiento de la profesi\u00f3n jur\u00eddica, trabajamos para promover la \u00e9tica, el desarrollo profesional y el acceso a la justicia en nuestra regi\u00f3n. A trav\u00e9s de esta plataforma, buscamos facilitar el acceso a la informaci\u00f3n, los servicios y las actividades que impulsan el crecimiento y la unidad de nuestra comunidad legal.<\/p>\n<ul>\n<li><a href=\"http:\/\/www.colegiodeabogadosdelimaeste.pe\/web\/wp-content\/uploads\/2024\/12\/Ley_1367_del_20_de_diciembre_de_1910-1.-archivar.pdf\" target=\"_blank\" rel=\"noopener\"><strong>Ley N\u00b0 1367 &#8211; Colegio de Abogados<\/strong><\/a><\/li>\n<li><a href=\"http:\/\/www.colegiodeabogadosdelimaeste.pe\/web\/wp-content\/uploads\/2024\/12\/RA.-INSTALA-EL-CALE-Y-RECONOCE-LA-JUNTA-DIRECTIVA-31.12.22.pdf\" target=\"_blank\" rel=\"noopener\"><strong>Resoluci\u00f3n Administrativa N\u00b0 001053-2022-p-CSJLE-PJ<\/strong><\/a><\/li>\n<li><a href=\"http:\/\/www.colegiodeabogadosdelimaeste.pe\/web\/wp-content\/uploads\/2024\/12\/RA-001208-2024-P-CSJLE.CONFORMAR_EL_CONSEJO_EJECUTIVO_DISTRITAL_DE_LA_CSJLE1.pdf\" target=\"_blank\" rel=\"noopener\"><strong>Resoluci\u00f3n Administrativa N\u00b0 001208-2024-P-CSJLE-PJ<\/strong><\/a><\/li>\n<\/ul>\n\t\t\t\t<img decoding=\"async\" src=\"http:\/\/www.colegiodeabogadosdelimaeste.pe\/web\/wp-content\/uploads\/2024\/12\/461317527_8227095247367148_1680287025663962268_n.jpg\" alt=\"461317527_8227095247367148_1680287025663962268_n\" itemprop=\"image\" title=\"461317527_8227095247367148_1680287025663962268_n\" onerror=\"this.style.display='none'\"  \/>\n\n","protected":false},"excerpt":{"rendered":"<p>\u00a1Bienvenidos al Colegio de Abogados de Lima Este! Es un honor recibirlos en nuestro espacio digital. Como instituci\u00f3n comprometida con el fortalecimiento de la profesi\u00f3n jur\u00eddica, trabajamos para promover la \u00e9tica, el desarrollo profesional y el acceso a la justicia en nuestra regi\u00f3n. A trav\u00e9s de esta plataforma, buscamos facilitar el acceso a la informaci\u00f3n, [&hellip;]<\/p>\n","protected":false},"author":1,"featured_media":0,"parent":0,"menu_order":0,"comment_status":"closed","ping_status":"closed","template":"","meta":{"saved_in_kubio":false,"footnotes":""},"class_list":["post-267","page","type-page","status-publish","hentry"],"kubio_ai_page_context":{"short_desc":"","purpose":"general"},"yoast_head":"<!-- This site is optimized with the Yoast SEO plugin v27.4 - https:\/\/yoast.com\/product\/yoast-seo-wordpress\/ -->\n<title>Institucional - Colegio de Abogados de Lima Este<\/title>\n<meta name=\"robots\" content=\"index, follow, max-snippet:-1, max-image-preview:large, max-video-preview:-1\" \/>\n<link rel=\"canonical\" href=\"https:\/\/www.colegiodeabogadosdelimaeste.pe\/web\/institucional\/\" \/>\n<meta property=\"og:locale\" content=\"es_ES\" \/>\n<meta property=\"og:type\" content=\"article\" \/>\n<meta property=\"og:title\" content=\"Institucional - Colegio de Abogados de Lima Este\" \/>\n<meta property=\"og:description\" content=\"\u00a1Bienvenidos al Colegio de Abogados de Lima Este! Es un honor recibirlos en nuestro espacio digital. Como instituci\u00f3n comprometida con el fortalecimiento de la profesi\u00f3n jur\u00eddica, trabajamos para promover la \u00e9tica, el desarrollo profesional y el acceso a la justicia en nuestra regi\u00f3n. A trav\u00e9s de esta plataforma, buscamos facilitar el acceso a la informaci\u00f3n, [&hellip;]\" \/>\n<meta property=\"og:url\" content=\"https:\/\/www.colegiodeabogadosdelimaeste.pe\/web\/institucional\/\" \/>\n<meta property=\"og:site_name\" content=\"Colegio de Abogados de Lima Este\" \/>\n<meta property=\"og:image\" content=\"http:\/\/www.colegiodeabogadosdelimaeste.pe\/web\/wp-content\/uploads\/2024\/12\/461317527_8227095247367148_1680287025663962268_n.jpg\" \/>\n<meta name=\"twitter:card\" content=\"summary_large_image\" \/>\n<script type=\"application\/ld+json\" class=\"yoast-schema-graph\">{\"@context\":\"https:\\\/\\\/schema.org\",\"@graph\":[{\"@type\":\"WebPage\",\"@id\":\"https:\\\/\\\/www.colegiodeabogadosdelimaeste.pe\\\/web\\\/institucional\\\/\",\"url\":\"https:\\\/\\\/www.colegiodeabogadosdelimaeste.pe\\\/web\\\/institucional\\\/\",\"name\":\"Institucional - Colegio de Abogados de Lima Este\",\"isPartOf\":{\"@id\":\"https:\\\/\\\/www.colegiodeabogadosdelimaeste.pe\\\/web\\\/#website\"},\"primaryImageOfPage\":{\"@id\":\"https:\\\/\\\/www.colegiodeabogadosdelimaeste.pe\\\/web\\\/institucional\\\/#primaryimage\"},\"image\":{\"@id\":\"https:\\\/\\\/www.colegiodeabogadosdelimaeste.pe\\\/web\\\/institucional\\\/#primaryimage\"},\"thumbnailUrl\":\"http:\\\/\\\/www.colegiodeabogadosdelimaeste.pe\\\/web\\\/wp-content\\\/uploads\\\/2024\\\/12\\\/461317527_8227095247367148_1680287025663962268_n.jpg\",\"datePublished\":\"2024-12-12T13:25:26+00:00\",\"breadcrumb\":{\"@id\":\"https:\\\/\\\/www.colegiodeabogadosdelimaeste.pe\\\/web\\\/institucional\\\/#breadcrumb\"},\"inLanguage\":\"es\",\"potentialAction\":[{\"@type\":\"ReadAction\",\"target\":[\"https:\\\/\\\/www.colegiodeabogadosdelimaeste.pe\\\/web\\\/institucional\\\/\"]}]},{\"@type\":\"ImageObject\",\"inLanguage\":\"es\",\"@id\":\"https:\\\/\\\/www.colegiodeabogadosdelimaeste.pe\\\/web\\\/institucional\\\/#primaryimage\",\"url\":\"http:\\\/\\\/www.colegiodeabogadosdelimaeste.pe\\\/web\\\/wp-content\\\/uploads\\\/2024\\\/12\\\/461317527_8227095247367148_1680287025663962268_n.jpg\",\"contentUrl\":\"http:\\\/\\\/www.colegiodeabogadosdelimaeste.pe\\\/web\\\/wp-content\\\/uploads\\\/2024\\\/12\\\/461317527_8227095247367148_1680287025663962268_n.jpg\"},{\"@type\":\"BreadcrumbList\",\"@id\":\"https:\\\/\\\/www.colegiodeabogadosdelimaeste.pe\\\/web\\\/institucional\\\/#breadcrumb\",\"itemListElement\":[{\"@type\":\"ListItem\",\"position\":1,\"name\":\"Portada\",\"item\":\"https:\\\/\\\/www.colegiodeabogadosdelimaeste.pe\\\/web\\\/\"},{\"@type\":\"ListItem\",\"position\":2,\"name\":\"Institucional\"}]},{\"@type\":\"WebSite\",\"@id\":\"https:\\\/\\\/www.colegiodeabogadosdelimaeste.pe\\\/web\\\/#website\",\"url\":\"https:\\\/\\\/www.colegiodeabogadosdelimaeste.pe\\\/web\\\/\",\"name\":\"Colegio de Abogados de Lima Este\",\"description\":\"Colegio de Abogados de Lima Este\",\"publisher\":{\"@id\":\"https:\\\/\\\/www.colegiodeabogadosdelimaeste.pe\\\/web\\\/#organization\"},\"potentialAction\":[{\"@type\":\"SearchAction\",\"target\":{\"@type\":\"EntryPoint\",\"urlTemplate\":\"https:\\\/\\\/www.colegiodeabogadosdelimaeste.pe\\\/web\\\/?s={search_term_string}\"},\"query-input\":{\"@type\":\"PropertyValueSpecification\",\"valueRequired\":true,\"valueName\":\"search_term_string\"}}],\"inLanguage\":\"es\"},{\"@type\":\"Organization\",\"@id\":\"https:\\\/\\\/www.colegiodeabogadosdelimaeste.pe\\\/web\\\/#organization\",\"name\":\"Colegio de Abogados de Lima Este\",\"url\":\"https:\\\/\\\/www.colegiodeabogadosdelimaeste.pe\\\/web\\\/\",\"logo\":{\"@type\":\"ImageObject\",\"inLanguage\":\"es\",\"@id\":\"https:\\\/\\\/www.colegiodeabogadosdelimaeste.pe\\\/web\\\/#\\\/schema\\\/logo\\\/image\\\/\",\"url\":\"https:\\\/\\\/www.colegiodeabogadosdelimaeste.pe\\\/web\\\/wp-content\\\/uploads\\\/2024\\\/12\\\/LOGO-COLEGIO-DE-ABOGADOS-DE-LIMA-ESTE.png\",\"contentUrl\":\"https:\\\/\\\/www.colegiodeabogadosdelimaeste.pe\\\/web\\\/wp-content\\\/uploads\\\/2024\\\/12\\\/LOGO-COLEGIO-DE-ABOGADOS-DE-LIMA-ESTE.png\",\"width\":1147,\"height\":480,\"caption\":\"Colegio de Abogados de Lima Este\"},\"image\":{\"@id\":\"https:\\\/\\\/www.colegiodeabogadosdelimaeste.pe\\\/web\\\/#\\\/schema\\\/logo\\\/image\\\/\"}}]}<\/script>\n<!-- \/ Yoast SEO plugin. -->","yoast_head_json":{"title":"Institucional - Colegio de Abogados de Lima Este","robots":{"index":"index","follow":"follow","max-snippet":"max-snippet:-1","max-image-preview":"max-image-preview:large","max-video-preview":"max-video-preview:-1"},"canonical":"https:\/\/www.colegiodeabogadosdelimaeste.pe\/web\/institucional\/","og_locale":"es_ES","og_type":"article","og_title":"Institucional - Colegio de Abogados de Lima Este","og_description":"\u00a1Bienvenidos al Colegio de Abogados de Lima Este! Es un honor recibirlos en nuestro espacio digital. Como instituci\u00f3n comprometida con el fortalecimiento de la profesi\u00f3n jur\u00eddica, trabajamos para promover la \u00e9tica, el desarrollo profesional y el acceso a la justicia en nuestra regi\u00f3n. A trav\u00e9s de esta plataforma, buscamos facilitar el acceso a la informaci\u00f3n, [&hellip;]","og_url":"https:\/\/www.colegiodeabogadosdelimaeste.pe\/web\/institucional\/","og_site_name":"Colegio de Abogados de Lima Este","og_image":[{"url":"http:\/\/www.colegiodeabogadosdelimaeste.pe\/web\/wp-content\/uploads\/2024\/12\/461317527_8227095247367148_1680287025663962268_n.jpg","type":"","width":"","height":""}],"twitter_card":"summary_large_image","schema":{"@context":"https:\/\/schema.org","@graph":[{"@type":"WebPage","@id":"https:\/\/www.colegiodeabogadosdelimaeste.pe\/web\/institucional\/","url":"https:\/\/www.colegiodeabogadosdelimaeste.pe\/web\/institucional\/","name":"Institucional - Colegio de Abogados de Lima Este","isPartOf":{"@id":"https:\/\/www.colegiodeabogadosdelimaeste.pe\/web\/#website"},"primaryImageOfPage":{"@id":"https:\/\/www.colegiodeabogadosdelimaeste.pe\/web\/institucional\/#primaryimage"},"image":{"@id":"https:\/\/www.colegiodeabogadosdelimaeste.pe\/web\/institucional\/#primaryimage"},"thumbnailUrl":"http:\/\/www.colegiodeabogadosdelimaeste.pe\/web\/wp-content\/uploads\/2024\/12\/461317527_8227095247367148_1680287025663962268_n.jpg","datePublished":"2024-12-12T13:25:26+00:00","breadcrumb":{"@id":"https:\/\/www.colegiodeabogadosdelimaeste.pe\/web\/institucional\/#breadcrumb"},"inLanguage":"es","potentialAction":[{"@type":"ReadAction","target":["https:\/\/www.colegiodeabogadosdelimaeste.pe\/web\/institucional\/"]}]},{"@type":"ImageObject","inLanguage":"es","@id":"https:\/\/www.colegiodeabogadosdelimaeste.pe\/web\/institucional\/#primaryimage","url":"http:\/\/www.colegiodeabogadosdelimaeste.pe\/web\/wp-content\/uploads\/2024\/12\/461317527_8227095247367148_1680287025663962268_n.jpg","contentUrl":"http:\/\/www.colegiodeabogadosdelimaeste.pe\/web\/wp-content\/uploads\/2024\/12\/461317527_8227095247367148_1680287025663962268_n.jpg"},{"@type":"BreadcrumbList","@id":"https:\/\/www.colegiodeabogadosdelimaeste.pe\/web\/institucional\/#breadcrumb","itemListElement":[{"@type":"ListItem","position":1,"name":"Portada","item":"https:\/\/www.colegiodeabogadosdelimaeste.pe\/web\/"},{"@type":"ListItem","position":2,"name":"Institucional"}]},{"@type":"WebSite","@id":"https:\/\/www.colegiodeabogadosdelimaeste.pe\/web\/#website","url":"https:\/\/www.colegiodeabogadosdelimaeste.pe\/web\/","name":"Colegio de Abogados de Lima Este","description":"Colegio de Abogados de Lima Este","publisher":{"@id":"https:\/\/www.colegiodeabogadosdelimaeste.pe\/web\/#organization"},"potentialAction":[{"@type":"SearchAction","target":{"@type":"EntryPoint","urlTemplate":"https:\/\/www.colegiodeabogadosdelimaeste.pe\/web\/?s={search_term_string}"},"query-input":{"@type":"PropertyValueSpecification","valueRequired":true,"valueName":"search_term_string"}}],"inLanguage":"es"},{"@type":"Organization","@id":"https:\/\/www.colegiodeabogadosdelimaeste.pe\/web\/#organization","name":"Colegio de Abogados de Lima Este","url":"https:\/\/www.colegiodeabogadosdelimaeste.pe\/web\/","logo":{"@type":"ImageObject","inLanguage":"es","@id":"https:\/\/www.colegiodeabogadosdelimaeste.pe\/web\/#\/schema\/logo\/image\/","url":"https:\/\/www.colegiodeabogadosdelimaeste.pe\/web\/wp-content\/uploads\/2024\/12\/LOGO-COLEGIO-DE-ABOGADOS-DE-LIMA-ESTE.png","contentUrl":"https:\/\/www.colegiodeabogadosdelimaeste.pe\/web\/wp-content\/uploads\/2024\/12\/LOGO-COLEGIO-DE-ABOGADOS-DE-LIMA-ESTE.png","width":1147,"height":480,"caption":"Colegio de Abogados de Lima Este"},"image":{"@id":"https:\/\/www.colegiodeabogadosdelimaeste.pe\/web\/#\/schema\/logo\/image\/"}}]}},"_links":{"self":[{"href":"https:\/\/www.colegiodeabogadosdelimaeste.pe\/web\/wp-json\/wp\/v2\/pages\/267","targetHints":{"allow":["GET"]}}],"collection":[{"href":"https:\/\/www.colegiodeabogadosdelimaeste.pe\/web\/wp-json\/wp\/v2\/pages"}],"about":[{"href":"https:\/\/www.colegiodeabogadosdelimaeste.pe\/web\/wp-json\/wp\/v2\/types\/page"}],"author":[{"embeddable":true,"href":"https:\/\/www.colegiodeabogadosdelimaeste.pe\/web\/wp-json\/wp\/v2\/users\/1"}],"replies":[{"embeddable":true,"href":"https:\/\/www.colegiodeabogadosdelimaeste.pe\/web\/wp-json\/wp\/v2\/comments?post=267"}],"version-history":[{"count":2,"href":"https:\/\/www.colegiodeabogadosdelimaeste.pe\/web\/wp-json\/wp\/v2\/pages\/267\/revisions"}],"predecessor-version":[{"id":273,"href":"https:\/\/www.colegiodeabogadosdelimaeste.pe\/web\/wp-json\/wp\/v2\/pages\/267\/revisions\/273"}],"wp:attachment":[{"href":"https:\/\/www.colegiodeabogadosdelimaeste.pe\/web\/wp-json\/wp\/v2\/media?parent=267"}],"curies":[{"name":"wp","href":"https:\/\/api.w.org\/{rel}","templated":true}]}}